{"id":3947,"date":"2020-10-12T12:00:48","date_gmt":"2020-10-12T10:00:48","guid":{"rendered":"https:\/\/abcdconsulting.it\/privacy-policy-eng\/"},"modified":"2025-07-15T15:04:31","modified_gmt":"2025-07-15T13:04:31","slug":"privacy-policy-eng","status":"publish","type":"page","link":"https:\/\/abcdconsulting.it\/en\/privacy-policy-eng\/","title":{"rendered":"Privacy Policy ENG"},"content":{"rendered":"\t\t<div data-elementor-type=\"wp-page\" data-elementor-id=\"3947\" class=\"elementor elementor-3947 elementor-3\" data-elementor-post-type=\"page\">\n\t\t\t\t<div class=\"elementor-element elementor-element-296aa77b e-flex e-con-boxed e-con e-parent\" data-id=\"296aa77b\" data-element_type=\"container\" data-e-type=\"container\" data-settings=\"{&quot;jet_parallax_layout_list&quot;:[]}\">\n\t\t\t\t\t<div class=\"e-con-inner\">\n\t\t\t\t<div class=\"elementor-element elementor-element-201a636d elementor-widget elementor-widget-text-editor\" data-id=\"201a636d\" data-element_type=\"widget\" data-e-type=\"widget\" data-widget_type=\"text-editor.default\">\n\t\t\t\t<div class=\"elementor-widget-container\">\n\t\t\t\t\t\t\t\t\t<div id=\"main-content\"><article id=\"post-634\" class=\"post-634 page type-page status-publish hentry\"><div class=\"entry-content\"><div class=\"et-l et-l--post\"><div class=\"et_builder_inner_content et_pb_gutters3\"><div class=\"et_pb_section et_pb_section_0 et_section_regular\"><div class=\"et_pb_row et_pb_row_0\"><div class=\"et_pb_column et_pb_column_4_4 et_pb_column_0 et_pb_css_mix_blend_mode_passthrough et-last-child\"><div class=\"et_pb_module et_pb_text et_pb_text_0 et_pb_text_align_left et_pb_bg_layout_light\"><div class=\"et_pb_text_inner\"><p><strong>Your privacy<\/strong><\/p><p>Benvenuto sul nostro sito web www.abcdconsulting.it (nel seguito il Sito).<br>Per aBCD Consulting snc di Belloni Gabriele &amp; C. la tua privacy e la sicurezza dei tuoi dati personali sono molto importanti, per questo raccogliamo e gestiamo i tuoi dati personali con la massima attenzione e adottiamo misure specifiche per custodirli al sicuro, secondo quanto previsto dal Regolamento Generale sulla Protezione dei Dati (EU 679\/2016 \u2013 di seguito RGPD).<br>Ti preghiamo inoltre di leggere le \u201cCookie Policy\u201d del Sito, che contengono dettagliate informazioni in merito alle condizioni relative ai nostri servizi. Alcuni servizi possono essere soggetti a specifici termini legali, in tal caso sar\u00e0 nostra cura darti tutte le opportune informazioni di volta in volta. <\/p><p><strong>Chi \u00e8 il Titolare?<\/strong><\/p><p>Di seguito sono riportate le informazioni principali sul trattamento dei tuoi dati personali effettuato da aBCD Consulting snc di Belloni Gabriele &amp; C.. con sede in Via Gaudenzio Ferrari 21, 21047 Saronno (VA) (Italia) e P.IVA n. 08484280964, in qualit\u00e0 di Titolare del trattamento.<br>Per qualunque chiarimento, domanda o esigenza legata alla tua privacy e al trattamento dei tuoi dati personali puoi contattarci in qualunque momento inviando una richiesta all\u2019indirizzo info@abcdconsulting.it<\/p><p><strong>Quali dati trattiamo e perch\u00e9?<\/strong><\/p><p>I dati personali che aBCD Consulting snc di Belloni Gabriele &amp; C. tratta sono quelli che raccogliamo mentre navighi o usi i servizi offerti sul Sito. aBCD Consulting snc di Belloni Gabriele &amp; C. pu\u00f2 quindi raccogliere dati su di te come ad esempio dati anagrafici quali nome e cognome, indirizzo e dati di navigazione.<br>I tuoi dati personali sono trattati per le seguenti finalit\u00e0: <\/p><ul><li>fornirti i servizi del Sito;<\/li><li>gestire le tue richieste inoltrate al nostro Servizio Clienti.<\/li><\/ul><p> <\/p><p>Nei casi sopracitati, il trattamento dei tuoi dati personali \u00e8 legittimo in quanto necessario a provvedere a fornirti il servizio che ci hai specificatamente richiesto.<br>Inoltre svolgiamo indagini statistiche e analisi con dati in forma aggregata per comprendere come gli utenti interagiscono e utilizzano il Sito, per migliorare i nostri servizi.<br>Soltanto previo tuo espresso consenso invece, trattiamo i tuoi dati personali per:<\/p><ul><li>svolgere attivit\u00e0 di comunicazione commerciale e promozionale.<\/li><\/ul><p> <\/p><p><strong>Chi tratter\u00e0 i tuoi dati?<\/strong><\/p><p>I tuoi dati personali sono trattati da personale debitamente istruito di aBCD Consulting snc di Belloni Gabriele &amp; C. in qualit\u00e0 di Titolare del trattamento. Per esigenze organizzative e funzionali relative alla prestazione dei servizi sul Sito, inoltre, i tuoi dati potrebbero essere trattati dai nostri fornitori. Questi ultimi sono stati valutati e scelti da aBCD Consulting snc di Belloni Gabriele &amp; C. per la loro comprovata affidabilit\u00e0 e competenza. Alcuni di questi soggetti possono avere sede anche in Stati non appartenenti alla UE e, in questi casi, il trasferimento dei tuoi dati personali in tali Paesi \u00e8 effettuato nel rispetto delle garanzie previste dal RGPD.   <\/p><p><strong>Per quanto tempo conserviamo i tuoi dati?<\/strong><\/p><p>Conserviamo i tuoi dati personali per un periodo di tempo limitato che dipende dalla finalit\u00e0 per la quale sono stati raccolti, al termine del quale i tuoi dati personali saranno cancellati o comunque resi anonimi in via irreversibile. Il periodo di conservazione \u00e8 diverso a seconda della finalit\u00e0 del trattamento: ad esempio, i dati utilizzati per inviarti le nostre newsletter fino a che non ci chiedi di cessare l\u2019invio (e comunque non oltre cinque anni). <\/p><p><strong>Quali sono i tuoi diritti?<\/strong><\/p><p>In qualunque momento, a seconda dello specifico trattamento, potrai: revocare il consenso al trattamento, conoscere quali sono i tuoi dati personali in nostro possesso, la loro origine e come vengono utilizzati, richiederne l\u2019aggiornamento, la rettifica o l\u2019integrazione nonch\u00e9, nei casi previsti dalle disposizioni vigenti, la cancellazione, la limitazione del trattamento o opporti al loro trattamento. Se lo desideri, puoi richiedere di ricevere i dati personali in possesso di aBCD Consulting snc di Belloni Gabriele &amp; C. che ti riguardano in un formato leggibile da dispositivi elettronici e, laddove tecnicamente possibile, potremo trasferire i tuoi dati direttamente a un soggetto terzo da te indicato. <\/p><p>Se ritieni che il trattamento dei tuoi dati personali sia stato svolto in maniera illegittima, puoi presentare un reclamo a una delle autorit\u00e0 di controllo competenti per il rispetto delle norme in materia di protezione dei dati personali. In Italia, il reclamo pu\u00f2 essere presentato al Garante per la Protezione dei Dati Personali (\/\/www.garanteprivacy.it\/). <\/p><p>La presente informativa potr\u00e0 subire modifiche e integrazioni nel corso del tempo, ti invitiamo, pertanto, a verificarne periodicamente i contenuti. Laddove possibile, cercheremo di informarti tempestivamente sulle modifiche apportate. <\/p><p><strong>Privacy Policy<\/strong><\/p><p><strong>1. Informazioni generali<\/strong><\/p><p><strong>Chi \u00e8 il Titolare del trattamento?<\/strong><\/p><p>aBCD Consulting snc di Belloni Gabriele &amp; C. con sede in Via Gaudenzio Ferrari 21, 21047 Saronno (VA) (Italia) C.F. e P.IVA n. 08484280964, \u00e8 il Titolare del trattamento, cio\u00e8 il soggetto che decide come e perch\u00e9 trattare i tuoi dati personali.<br>Puoi sempre contattare aBCD Consulting snc di Belloni Gabriele &amp; C. scrivendo all\u2019indirizzo sopraindicato o a info@abcdconsulting.it <\/p><p><strong>Quali dati personali raccogliamo?<\/strong><\/p><p>Le categorie di dati personali che aBCD Consulting snc di Belloni Gabriele &amp; C. raccoglie e tratta quando navighi sul Sito, sono le seguenti:<\/p><p><strong>a)<\/strong> raccogliamo i tuoi dati quando richiedi un contatto;<\/p><p><strong>b)<\/strong> trattiamo i dati personali che ci fornisci quando contatti il nostro Servizio Clienti per fornirti l\u2019assistenza richiesta;<\/p><p><strong>c) <\/strong>raccogliamo informazioni sulla tua navigazione sul Sito, come ad esempio le pagine che visiti e come interagisci con la singola pagina e salviamo queste informazioni sui nostri server.<\/p><p>Ti informiamo che aBCD Consulting snc di Belloni Gabriele &amp; C. non tratta dati personali relativi ai minori d\u2019et\u00e0. Se accedi al Sito e utilizzi i servizi offerti da aBCD Consulting snc di Belloni Gabriele &amp; C. dichiari di avere compiuto la maggiore et\u00e0. <\/p><p><strong>Come utilizziamo i dati personali raccolti?<\/strong><\/p><p>aBCD Consulting snc di Belloni Gabriele &amp; C. raccoglie e tratta i tuoi dati personali per le seguenti finalit\u00e0:<\/p><p><strong>a)<\/strong> fornitura dei servizi proposti sul Sito. A tale fine aBCD Consulting snc di Belloni Gabriele &amp; C. ha la necessit\u00e0 di raccogliere, in relazione a ciascun servizio e alle sue caratteristiche, i dati personali necessari allo svolgimento del servizio da te richiesto. <\/p><p><strong>b)<\/strong> gestione delle richieste al nostro Servizio Clienti, il quale utilizza i dati personali che fornisci per soddisfare le tue richieste d\u2019informazioni e richieste d\u2019assistenza.<\/p><p><strong>c)<\/strong> analisi e indagini statistiche. Impieghiamo alcune informazioni sul tuo utilizzo del Sito per svolgere analisi e indagini statistiche allo scopo di migliorare i nostri servizi; <\/p><p><strong>d)<\/strong> solo previo tuo espresso consenso, potremo utilizzare i recapiti che ci hai fornito per comunicazioni di natura commerciale sui nostri prodotti e servizi, al fine di aggiornarti sulle novit\u00e0, i nuovi arrivi, sui prodotti in esclusiva, sulle nostre offerte e promozioni. Inoltre, sempre previo tuo consenso, potremo utilizzare i tuoi contatti nell\u2019ambito dello svolgimento di ricerche di mercato e indagini per la rilevazione della soddisfazione allo scopo di migliorare i nostri servizi e il rapporto con i nostri utenti. Queste comunicazioni avverranno esclusivamente con le modalit\u00e0 da te prescelte (via e-mail, SMS, telefono, posta cartacea, Whatsapp).  <br>Nel caso volessi autorizzare le attivit\u00e0 di cui al punto d) e successivamente non desiderassi ricevere ulteriori comunicazioni da aBCD Consulting snc di Belloni Gabriele &amp; C. o volessi limitare le modalit\u00e0 con cui essere contattato, potrai in qualsiasi momento interrompere queste comunicazioni semplicemente cliccando sull\u2019apposito link \u201cunsubscribe\u201d presente in calce a ciascuna comunicazione, contattando aBCD Consulting snc di Belloni Gabriele &amp; C. scrivendo all\u2019indirizzo sopraindicato.<\/p><p>Ti informiamo che potresti ricevere ulteriori comunicazioni da parte nostra anche dopo l\u2019inoltro della tua richiesta di cancellazione dell\u2019iscrizione, in quanto alcuni invii potrebbero essere gi\u00e0 stati pianificati, i nostri sistemi potrebbero impiegare del tempo per eseguire la tua richiesta; questo, comunque non oltre un mese dalla richiesta.<br>In relazione a tutte le attivit\u00e0 sopra indicate, tratteremo i tuoi dati personali prevalentemente attraverso strumenti informatici ed elettronici; gli strumenti di cui ci avvaliamo garantiscono elevati standard di sicurezza, nel pieno rispetto della normativa vigente in materia.<\/p><p><strong>Base giuridica del trattamento<\/strong><\/p><p>Trattiamo i tuoi dati personali soltanto in presenza di una delle condizioni previste dalla normativa vigente, e nello specifico:<\/p><p><strong>a)<\/strong> Per la conclusione ed esecuzione di un contratto di cui sei parte.<br>Questa base legittima i trattamenti di dati personali che avvengono nelle seguenti attivit\u00e0:<\/p><ul><li>fornitura di servizi offerti sul Sito;<\/li><li>gestione delle tue richieste da parte del nostro Servizio Clienti.<\/li><\/ul><p> <\/p><p>Il conferimento dei tuoi dati personali per tali attivit\u00e0 \u00e8 un obbligo contrattuale. Sei libero di comunicarci o meno i tuoi dati, ma in mancanza dei dati richiesti non ci sar\u00e0 possibile concludere o dare esecuzione alle tue richieste. Questo significa che non potrai fruire dei servizi di aBCD Consulting snc di Belloni Gabriele &amp; C. e che aBCD Consulting snc di Belloni Gabriele &amp; C. non potr\u00e0 gestire le tue richieste;  <\/p><p><strong>b)<\/strong> Sulla base del tuo consenso.<br>Svolgeremo i seguenti trattamenti esclusivamente nel caso in cui tu ci abbia prestato il tuo consenso espresso:<\/p><ul><li>svolgimento di attivit\u00e0 di marketing e sondaggi di opinione e ricerche di mercato.<\/li><\/ul><p><br>Fornirci i tuoi dati personali per tali attivit\u00e0 \u00e8 assolutamente facoltativo. Sei libero di fornirci o meno i tuoi dati per tali finalit\u00e0, quindi, in mancanza dello stesso, non sar\u00e0 possibile per aBCD Consulting snc di Belloni Gabriele &amp; C. svolgere le attivit\u00e0 di marketing, sondaggi di opinione e ricerche di mercato, e di analisi delle tue abitudini. <\/p><p><strong>Chi tratter\u00e0 i tuoi dati?<\/strong><\/p><p>I tuoi dati personali saranno trattati dal personale interno di aBCD Consulting snc di Belloni Gabriele &amp; C. specificamente istruito e autorizzato al trattamento.<\/p><p>I tuoi dati personali saranno inoltre trasmessi a soggetti terzi di cui ci avvaliamo per fornire i nostri servizi; tali soggetti sono stati adeguatamente selezionati e offrono idonea garanzia del rispetto delle norme in materia di trattamento di dati personali.<\/p><p>Questi soggetti sono stati designati responsabili del trattamento e svolgono la loro attivit\u00e0 secondo le istruzioni impartite da aBCD Consulting snc di Belloni Gabriele &amp; C. e sotto il suo controllo.<\/p><p>I soggetti terzi in questione appartengono alle seguenti categorie: operatori bancari, internet provider, societ\u00e0 specializzate in servizi informatici e telematici; corrieri; societ\u00e0 che svolgono attivit\u00e0 di marketing; societ\u00e0 specializzate in ricerche di mercato e nell\u2019elaborazione dati.<\/p><p>I tuoi dati potranno essere trasmessi alle forze di polizia e alle autorit\u00e0 giudiziaria e amministrativa, in conformit\u00e0 alla legge, per l\u2019accertamento e il perseguimento di reati, la prevenzione e la salvaguardia dalle minacce alla pubblica sicurezza, per consentire a aBCD Consulting snc di Belloni Gabriele &amp; C. di accertare, esercitare o difendere un diritto in sede giudiziaria, nonch\u00e9 per altre ragioni connesse alla tutela dei diritti e delle libert\u00e0 altrui.<\/p><p><strong>Trasferimento dati extra-EU<\/strong><\/p><p>Alcuni dei soggetti terzi elencati nel precedente paragrafo \u201cChi tratter\u00e0 i tuoi dati?\u201d potrebbero avere sede in paesi non appartenenti all\u2019Unione Europea che tuttavia offrono un livello adeguato di protezione dei dati, come stabilito da apposite decisioni della Commissione Europea (\/\/www.garanteprivacy.it\/home\/provvedimenti-normativa\/normativa\/normativa-comunitaria-e-intenazionale\/trasferimento-dei-dati-verso-paesi-terzi#1).<\/p><p>Il trasferimento dei tuoi dati personali verso paesi che non appartengono all\u2019Unione Europea e che non assicurino livelli di tutela adeguati saranno eseguiti solo previa conclusione tra aBCD Consulting snc di Belloni Gabriele &amp; C. e detti soggetti di specifici accordi, contenenti clausole di salvaguardia e garanzie appropriate per la protezione dei tuoi dati personali cosiddette \u201cclausole contrattuali standard\u201d, anch\u2019esse approvate dalla Commissione Europea, ovvero qualora il trasferimento sia necessario alla conclusione ed esecuzione di un contratto fra te e aBCD Consulting snc di Belloni Gabriele &amp; C. (per l\u2019acquisto di beni offerti sul nostro Sito, per la registrazione al Sito o la fruizione di servizi sul Sito) o per la gestione delle tue richieste.<\/p><p><strong>Per quanto tempo conserviamo i dati?<\/strong><\/p><p>Conserviamo i tuoi dati personali per un periodo di tempo limitato, diverso a seconda del tipo di attivit\u00e0 che prevede il trattamento dei tuoi dati personali.<br>Scaduto questo periodo, i tuoi dati saranno definitivamente cancellati o comunque resi anonimi in via irreversibile.<\/p><p>I tuoi dati personali sono conservati nel rispetto dei termini e criteri di seguito specificati:<\/p><p><strong>a)<\/strong> dati raccolti nel contesto della fruizione di servizi offerti sul Sito: questi dati vengono conservati fino alla cessazione del servizio o alla cancellazione dell\u2019iscrizione al servizio da parte dell\u2019Utente;<\/p><p><strong>b)<\/strong> dati connessi a richieste degli utenti al nostro Servizio Clienti: i dati utili ad assisterti verranno conservati fino al soddisfacimento della tua richiesta;<\/p><p><strong>c) <\/strong>dati forniti per attivit\u00e0 di comunicazioni commerciali, sondaggi d\u2019opinione e ricerche di mercato: fino alla richiesta da parte dell\u2019utente di interruzione dell\u2019attivit\u00e0 e comunque entro 2 anni dall\u2019ultima interazione di qualunque genere dell\u2019utente con aBCD Consulting snc di Belloni Gabriele &amp; C.;<\/p><p><strong>d)<\/strong> dati utilizzati per lo svolgimento di ricerche di mercato e di indagini per la rilevazione della soddisfazione: fino a quando l\u2019Utente non chieda la cessazione dell\u2019attivit\u00e0.<br>In ogni caso, per ragioni tecniche, la cessazione del trattamento e la conseguente cancellazione definitiva o anonimizzazione in via irreversibile dei relativi dati personali sar\u00e0 definitiva entro trenta giorni dai termini sopra indicati.<\/p><p><strong>I tuoi diritti<\/strong><\/p><p>In qualunque momento puoi esercitare i diritti con riferimento agli specifici trattamenti dei tuoi dati personali da parte di aBCD Consulting snc di Belloni Gabriele &amp; C.. Trovi di seguito la loro descrizione generale e le modalit\u00e0 per esercitarli.<\/p><p><strong>a)<\/strong> Accedere ai tuoi dati e modificarli: hai diritto ad accedere ai tuoi dati personali e di chiedere che siano corretti, modificati o integrati con altre informazioni. Se lo desideri, ti forniremo una copia dei tuoi dati in nostro possesso. <\/p><p><strong>b) <\/strong>Revocare il tuo consenso: puoi revocare in qualsiasi momento un consenso che hai prestato per il trattamento dei tuoi dati personali in relazione a qualsiasi attivit\u00e0 con finalit\u00e0 di marketing. A tal riguardo, ti ricordiamo che sono considerate attivit\u00e0 di marketing l\u2019invio di comunicazioni commerciali e promozionali, lo svolgimento di ricerche di mercato e di indagini per la rilevazione della soddisfazione per la personalizzazione del sito web e delle offerte commerciali in base ai tuoi interessi. Ricevuta la tua richiesta sar\u00e0 nostra cura cessare tempestivamente il trattamento dei tuoi dati personali che risulti basato su tale consenso, mentre trattamenti diversi o basati su altri presupposti continueranno ad essere svolti nel pieno rispetto delle disposizioni vigenti.  <\/p><p><strong>c)<\/strong> Opporti al trattamento dei tuoi dati: hai il diritto di opporti in qualsiasi momento al trattamento dei tuoi dati personali effettuato sulla base di un nostro legittimo interesse, spiegandoci i motivi che giustificano la tua richiesta; prima di accoglierla, aBCD Consulting snc di Belloni Gabriele &amp; C. dovr\u00e0 valutare i motivi della tua richiesta.<\/p><p><strong>d)<\/strong> Cancellare i tuoi dati: nei casi previsti dalla normativa vigente puoi chiedere la cancellazione dei tuoi dati personali. Ricevuta e vagliata la tua richiesta, se legittima sar\u00e0 nostra cura cessare tempestivamente il trattamento e cancellare i tuoi dati personali. <\/p><p><strong>e)<\/strong> Chiedere che il trattamento dei tuoi dati personali sia temporaneamente limitato: in tale ipotesi aBCD Consulting snc di Belloni Gabriele &amp; C. continuer\u00e0 a conservare i tuoi dati personali ma non li tratter\u00e0, se non fatte salve tua diversa richiesta e le eccezioni previste dalla legge. Puoi ottenere la limitazione del trattamento quando contesti l\u2019esattezza dei tuoi dati personali, quando il trattamento \u00e8 illecito ma ti opponi alla cancellazione dei tuoi dati, quando i tuoi dati non ci servono pi\u00f9 ma ne hai bisogno per esercitare un tuo diritto in sede giudiziaria e quando ti opponi al trattamento, nel periodo in cui noi valutiamo i motivi della tua richiesta. <\/p><p><strong>f) <\/strong>Richiedere i tuoi dati o trasferirli a un soggetto diverso da aBCD Consulting snc di Belloni Gabriele &amp; C. (\u201cdiritto alla portabilit\u00e0 dei dati\u201d). Puoi chiedere di ricevere i tuoi dati che noi trattiamo in base a un tuo consenso o in base a un contratto con te in un formato standard. Se lo desideri, laddove tecnicamente possibile, potremo su tua richiesta trasferire i tuoi dati direttamente ad un soggetto terzo da te indicatoci<br>Al fine di esercitare alcuni dei tuoi diritti sopra descritti puoi contattarci scrivendo all\u2019indirizzo del Titolare del trattamento sopraindicato.<br>Per garantire che i dati dei nostri utenti non subiscano violazioni o utilizzi illegittimi da parte di terzi, prima di accogliere una tua richiesta di esercizio di uno dei diritti indicati, ti chiederemo alcune informazioni per essere certi della tua identit\u00e0.  <\/p><p><strong>Misure di sicurezza<\/strong><\/p><p>Proteggiamo i tuoi dati personali con specifiche misure di sicurezza tecniche e organizzative, volte a prevenire che i tuoi dati personali possano essere utilizzati in maniera illegittima o fraudolenta. In particolare, utilizziamo misure di sicurezza che garantiscono: la pseudonimizzazione o la cifratura dei tuoi dati; la riservatezza, l\u2019integrit\u00e0, la disponibilit\u00e0 dei tuoi dati cos\u00ec come la resilienza dei sistemi e dei servizi che li elaborano; la capacit\u00e0 di ripristinare i dati in caso di data breach. Inoltre aBCD Consulting snc di Belloni Gabriele &amp; C. s\u2019impegna a testare, verificare e valutare regolarmente l\u2019efficacia delle misure tecniche e organizzative al fine di garantire il miglioramento continuo nella sicurezza dei trattamenti.  <\/p><p><strong>Reclami<\/strong><\/p><p>Se ritieni che il trattamento dei tuoi dati personali sia stato svolto illegittimamente, puoi proporre un reclamo a una delle autorit\u00e0 di controllo competenti per il rispetto delle norme in materia di protezione dei dati personali.<br>In Italia, il reclamo pu\u00f2 essere presentato al Garante per la Protezione dei Dati Personali.<br>Maggiori informazioni sulle modalit\u00e0 di presentazione sono disponibili sul sito del Garante, all\u2019indirizzo \/\/www.garanteprivacy.it.<\/p><p><strong>Modifiche alla presente informativa<\/strong><\/p><p>La costante evoluzione dei nostri servizi pu\u00f2 comportare modifiche nelle caratteristiche del trattamento dei tuoi dati personali fin qui descritto. Di conseguenza questa informativa privacy potr\u00e0 subire modifiche e integrazioni nel corso del tempo, le quali potrebbero anche essere necessarie in riferimento a nuovi interventi normativi in materia di protezione dei dati personali.<br>Ti invitiamo, pertanto, a verificarne periodicamente i contenuti: laddove possibile, cercheremo di informarti tempestivamente sulle modifiche apportate e sulle loro conseguenze. <\/p><p>La versione aggiornata dell\u2019informativa privacy, in ogni caso, sar\u00e0 pubblicata in questa pagina, con indicazione della data del suo ultimo aggiornamento.<\/p><p>Riferimenti legislativi e link utili<br>Il trattamento dei tuoi dati personali viene svolto da aBCD Consulting snc di Belloni Gabriele &amp; C. nel pieno rispetto della disciplina in materia prevista dal Regolamento (UE) 2016\/679 Regolamento Generale sulla Protezione dei Dati, delle norme in materia di trattamento dei dati personali italiane e dei provvedimenti della Autorit\u00e0 di controllo italiana (\/\/www.garanteprivacy.it).<\/p><p><em>Ultimo aggiornamento 11 gennaio 2021<\/em><\/p><\/div><\/div><\/div><\/div><\/div><\/div><\/div><\/div><\/article><\/div>\t\t\t\t\t\t\t\t<\/div>\n\t\t\t\t<\/div>\n\t\t\t\t\t<\/div>\n\t\t\t\t<\/div>\n\t\t\t\t<\/div>\n\t\t","protected":false},"excerpt":{"rendered":"<p>Your privacy Benvenuto sul nostro sito web www.abcdconsulting.it (nel seguito il Sito).Per aBCD Consulting snc di Belloni Gabriele &amp; C. la tua privacy e la sicurezza dei tuoi dati personali sono molto importanti, per questo raccogliamo e gestiamo i tuoi dati personali con la massima attenzione e adottiamo misure specifiche per custodirli al sicuro, secondo [&hellip;]<\/p>\n","protected":false},"author":1,"featured_media":0,"parent":0,"menu_order":0,"comment_status":"closed","ping_status":"closed","template":"","meta":{"footnotes":""},"class_list":["post-3947","page","type-page","status-publish","hentry"],"_links":{"self":[{"href":"https:\/\/abcdconsulting.it\/en\/wp-json\/wp\/v2\/pages\/3947","targetHints":{"allow":["GET"]}}],"collection":[{"href":"https:\/\/abcdconsulting.it\/en\/wp-json\/wp\/v2\/pages"}],"about":[{"href":"https:\/\/abcdconsulting.it\/en\/wp-json\/wp\/v2\/types\/page"}],"author":[{"embeddable":true,"href":"https:\/\/abcdconsulting.it\/en\/wp-json\/wp\/v2\/users\/1"}],"replies":[{"embeddable":true,"href":"https:\/\/abcdconsulting.it\/en\/wp-json\/wp\/v2\/comments?post=3947"}],"version-history":[{"count":0,"href":"https:\/\/abcdconsulting.it\/en\/wp-json\/wp\/v2\/pages\/3947\/revisions"}],"wp:attachment":[{"href":"https:\/\/abcdconsulting.it\/en\/wp-json\/wp\/v2\/media?parent=3947"}],"curies":[{"name":"wp","href":"https:\/\/api.w.org\/{rel}","templated":true}]}}